{"id":953,"date":"2022-11-24T16:18:15","date_gmt":"2022-11-24T16:18:15","guid":{"rendered":"https:\/\/www.nadine-schittenhelm.de\/wp_foto_schittenhelm\/?page_id=953"},"modified":"2025-09-26T13:20:14","modified_gmt":"2025-09-26T13:20:14","slug":"preise","status":"publish","type":"page","link":"https:\/\/www.nadine-schittenhelm.de\/wp_foto_schittenhelm\/pages\/preise\/","title":{"rendered":"Preise"},"content":{"rendered":"<section class=\"wpb-content-wrapper\"><p>[vc_row][vc_column][vc_empty_space height=&#8221;74px&#8221;][\/vc_column][\/vc_row][vc_row full_width=&#8221;stretch_row_content_no_spaces&#8221;][vc_column]<div class=\"banner-area banner-style2 banner-5ae057ac9cdf2\"><div class=\"social-buttons-text on-side\"><div><a href=\"https:\/\/www.facebook.com\/NadineSchittenhelmFotodesign\" target=\"_blank\"><i class=\"fa fa-facebook\"><\/i> <span>Facebook<\/span><\/a><a href=\"https:\/\/www.instagram.com\/nadine.schittenhelm.foto\/?igshid=NTc4MTIwNjQ2YQ%3D%3D\" target=\"_blank\"><i class=\"fa fa-instagram\"><\/i> <span>Instagram<\/span><\/a><\/div><\/div><div class=\"banner  fixed-height pagination-style1\" style=\"height: 425px;\"><div class=\"item banner-item-69e35a90f328f black content-align-left\" style=\"background-image: url(https:\/\/www.nadine-schittenhelm.de\/wp_foto_schittenhelm\/wp-content\/uploads\/2022\/11\/CollageBanner1920x460_ohnetext-3-scaled.jpg);\"><div class=\"overlay\"><\/div><div class=\"container\"><div class=\"cell\"><div class=\"link-area\"><a href=\"https:\/\/www.nadine-schittenhelm.de\/wp_foto_schittenhelm\/gallery\/masonry\/gallerie\/\" class=\"button-style2\" title=\"view more\" target=\"_self\"><span>view more<\/span><\/a><\/div><\/div><\/div><\/div><\/div><\/div>[\/vc_column][\/vc_row][vc_row][vc_column][vc_empty_space height=&#8221;34px&#8221;][\/vc_column][\/vc_row][vc_row][vc_column][vc_column_text]<\/p>\n<p style=\"text-align: left;\"><span style=\"font-size: 33px;\"><span style=\"font-size: 24px;\">Gerne fotografiere ich die kleinen und<\/span> <span style=\"font-size: 37px;\">gro\u00dfartigen Momente<\/span> <span style=\"font-size: 24px;\">in eurem Leben.<br \/>\nIch halte fest was euch bewegt&#8230;<br \/>\n<\/span><\/span><\/p>\n<p style=\"text-align: left;\">Die hier abgebildeten Preise sind Beispiele meiner meistgebuchten Pakete. Gerne unterbreite ich euch ein individuelles Angebot.<strong><br \/>\n<\/strong><\/p>\n<p>[\/vc_column_text][\/vc_column][\/vc_row][vc_row css=&#8221;.vc_custom_1524723745833{padding-bottom: 30px !important;}&#8221;][vc_column]<div class=\"price-list row price-list-5ad84603dfd6c style2 \"><div class=\"item price-list-item-69e35a90f381b col-xs-12 col-sm-6 col-md-4  wpb_animate_when_almost_visible wpb_fadeInLeft fadeInLeft\"><div class=\"wrap\"><div class=\"top\"><div class=\"cell\"><div class=\"h\">ON LOCATION SHOOTING<\/div><div class=\"price\">199 \u20ac*<\/div><\/div><\/div><div class=\"options\"><div class=\"o-item\">Ein besonderer Anlass - eine besondere Location. F\u00fcr Kommunions-, Konfirmations-, Einschulungs-, oder auch Familienfotos eignen sich die wundersch\u00f6nen Kulissen, die uns im Umkreis zur Verf\u00fcgung stehen.<\/p><\/div><div class=\"o-item\"><p>Dauer ca. 45 Minuten<\/p><\/div><div class=\"o-item\"><p>6- 10 Motive (wechselnde Aktionen, Kulissen)<\/p><\/div><div class=\"o-item\"><p>10 Abz\u00fcge 13 x 18<\/p><\/div><div class=\"o-item\"><p>Fahrtkosten innerhalb von 15km inclusive danach 0,50\u20ac\/km<\/p><\/div><div class=\"o-item\"><p>Es landet nat\u00fcrlich kein sch\u00f6nes Foto in meinem Papierkorb. Falls w\u00e4hrend des Foto-Shootings mehr als die maximal 10 Motive entstehen, werden diese von mir bearbeitet und k\u00f6nnen f\u00fcr 4,50\u20ac als Abzug 13x18 oder 5\u20ac pro zus\u00e4tzlichem Motiv digital erworben werden.<\/p><\/div><div class=\"o-item\"><p>*Umsatzsteuerfreie Leistungen gem\u00e4\u00df \u00a719 UstG.<\/div><\/div><\/div><\/div><div class=\"item price-list-item-69e35a90f3a2a col-xs-12 col-sm-6 col-md-4  wpb_animate_when_almost_visible wpb_fadeInUp fadeInUp\"><div class=\"wrap\"><div class=\"top\"><div class=\"cell\"><div class=\"h\">NEW BORN<br \/>\nALL-INCLUSIVE<\/div><div class=\"price\">349 \u20ac*<\/div><\/div><\/div><div class=\"options\"><div class=\"o-item\">Bei den Kleinsten wird oft mehr Zeit und viel Geduld ben\u00f6tigt, bis das Foto perfekt ist. Daher ist ein zeitlicher Rahmen nicht festgelegt. Zum Stillen, Wickeln und B\u00e4uchlein massieren ist somit gen\u00fcgend Zeit vorhanden. Das New Born-All-Inclusive-Shooting findet in gem\u00fctlicher Atmosph\u00e4re bei euch zu Hause statt.<\/p><\/div><div class=\"o-item\"><p>9 - 13 Motive (wechselnde Deko, Perspektiven etc.)<\/p><\/div><div class=\"o-item\"><p>als Abz\u00fcge 13 x 18 in handgearbeiteten Album<\/p><\/div><div class=\"o-item\"><p>voll aufgel\u00f6ste Bilddaten auf CD oder als Downloadlink<\/p><\/div><div class=\"o-item\"><p>Fahrtkosten innerhalb von 15km inclusive danach 0,50\u20ac\/km<\/p><\/div><div class=\"o-item\"><p>*Umsatzsteuerfreie Leistungen gem\u00e4\u00df \u00a719 UstG.<\/div><\/div><\/div><\/div><div class=\"item price-list-item-69e35a90f3bf6 col-xs-12 col-sm-6 col-md-4  wpb_animate_when_almost_visible wpb_fadeInRight fadeInRight\"><div class=\"wrap\"><div class=\"top\"><div class=\"cell\"><div class=\"h\">HOCHZEIT<br \/>\nPAARSHOOT &amp; KIRCHE<\/div><div class=\"price\">1199 \u20ac*<\/div><\/div><\/div><div class=\"options\"><div class=\"o-item\">F\u00fcr diesen besonderen Anlass stehen euch alle M\u00f6glichkeiten offen. Hier abgebildet habe ich ein Beispiel-Paket mit einem zeitlichen Umfang von maximal vier Stunden.<\/p><\/div><div class=\"o-item\"><p>PAARSHOOTING (ca. 90 Minuten )<\/p><\/div><div class=\"o-item\"><p>ca.10 Motive Paarshooting<\/p><\/div><div class=\"o-item\"><p>als Abz\u00fcge 13 x 18 in farbe \/ schwarzwei\u00df<\/p><\/div><div class=\"o-item\"><p>DETAILS &amp; KIRCHE<br \/><\/div><div class=\"o-item\">ca. 50 Motive in der Kirche in farbe &amp; schwarzwei\u00df<\/p><\/div><div class=\"o-item\"><p>SCHNAPPSCH\u00dcSSE &amp; SEKTEMPFANG<br \/><\/div><div class=\"o-item\">ca. 50 Motive - (nach der Kirche, Sektempfang etc.)<\/p><\/div><div class=\"o-item\"><p>voll aufgel\u00f6ste Bilddaten auf CD-ROM<\/p><\/div><div class=\"o-item\"><p>*Umsatzsteuerfreie Leistungen gem\u00e4\u00df \u00a719 UstG.<\/div><\/div><\/div><\/div><\/div>[\/vc_column][\/vc_row][vc_row][vc_column][vc_column_text]<span style=\"font-weight: 500;\">*Ich stelle keine CDs mit unz\u00e4hligen unbearbeiteten JPGs zur Verf\u00fcgung. Jedes Foto wird liebevoll nachbearbeitet (Farbkorrektur, Haut etc.) Somit handelt es sich bei den gelieferten Dateien immer um die Bilder, die bereits auf dem Kontaktbogen von euch gesichtet wurden.<\/span>[\/vc_column_text][\/vc_column][\/vc_row][vc_row][vc_column][vc_separator][\/vc_column][\/vc_row][vc_row parallax=&#8221;content-moving&#8221; parallax_image=&#8221;32&#8243; parallax_speed_bg=&#8221;1.8&#8243; background_position=&#8221;center center&#8221; css=&#8221;.vc_custom_1524833527323{padding-top: 35px !important;padding-bottom: 85px !important;background-position: 0 0;background-repeat: no-repeat !important;}&#8221;][vc_column][vc_custom_heading text=&#8221;Warum ich ?&#8221; use_theme_fonts=&#8221;yes&#8221; css_animation=&#8221;fadeInUp&#8221; css=&#8221;.vc_custom_1669321299051{margin-bottom: 35px !important;}&#8221;]<div class=\"icon-box-items row \"><div class=\"icon-box-item icon-box-69e35a90f3edd col-xs-12 col-sm-6 col-md-4  wpb_animate_when_almost_visible wpb_fadeInLeft fadeInLeft\"><div class=\"top\"><div class=\"icon multimedia-icons-heart\"><\/div><h5 class=\"h\"><span class=\"cell\">Liebevolle Mama<br \/>\nvon zwei kleinen Kindern<\/span><\/h5><\/div><div class=\"text\">Ich liebe Kinder, habe die n\u00f6tige Geduld und das Feingef\u00fchl um auch den Kleinsten ein bezauberndes L\u00e4cheln zu entlocken.<\/div><\/div><div class=\"icon-box-item icon-box-69e35a90f3f3c col-xs-12 col-sm-6 col-md-4  wpb_animate_when_almost_visible wpb_fadeInUp fadeInUp\"><div class=\"top\"><div class=\"icon multimedia-icons-photo-camera\"><\/div><h5 class=\"h\"><span class=\"cell\">Leidenschaftliche Fotografin<\/span><\/h5><\/div><div class=\"text\">Mein gr\u00f6\u00dftes Hobby habe ich zu meinem Beruf gemacht. Ich brenne f\u00fcr die Fotografie und freue mich \u00fcber jede neue kreative Herausforderung.<\/div><\/div><div class=\"icon-box-item icon-box-69e35a90f3f83 col-xs-12 col-sm-6 col-md-4  wpb_animate_when_almost_visible wpb_fadeInRight fadeInRight\"><div class=\"top\"><div class=\"icon multimedia-icons-chat-2\"><\/div><h5 class=\"h\"><span class=\"cell\">Lebenslustiger geselliger Mensch<\/span><\/h5><\/div><div class=\"text\">Ich freue mich auf jedes neue Shooting mit interessanten Menschen und euren zuckers\u00fc\u00dfen Kindern.<\/div><\/div><\/div>[\/vc_column][\/vc_row][vc_row full_width=&#8221;stretch_row&#8221; background_position=&#8221;center center&#8221; css=&#8221;.vc_custom_1669371788119{padding-top: 15px !important;padding-bottom: 35px !important;background-image: url(https:\/\/www.nadine-schittenhelm.de\/wp_foto_schittenhelm\/wp-content\/uploads\/2022\/11\/NS_WP_HomeBilder_2.jpg?id=1029) !important;background-position: center !important;background-repeat: no-repeat !important;background-size: cover !important;}&#8221; custom_text_color=&#8221;#ffffff&#8221;][vc_column css_animation=&#8221;fadeInLeft&#8221; offset=&#8221;vc_col-lg-6 vc_col-md-8&#8243;][vc_custom_heading text=&#8221;\u00dcberzeugt? Dann melde Dich bei mir!&#8221; use_theme_fonts=&#8221;yes&#8221;][\/vc_column][\/vc_row]<\/p>\n<\/section>","protected":false},"excerpt":{"rendered":"<p>[vc_row][vc_column][vc_empty_space height=&#8221;74px&#8221;][\/vc_column][\/vc_row][vc_row full_width=&#8221;stretch_row_content_no_spaces&#8221;][vc_column][\/vc_column][\/vc_row][vc_row][vc_column][vc_empty_space height=&#8221;34px&#8221;][\/vc_column][\/vc_row][vc_row][vc_column][vc_column_text] Gerne fotografiere ich die kleinen und gro\u00dfartigen Momente in eurem Leben. Ich halte fest was euch bewegt&#8230; Die hier abgebildeten Preise sind Beispiele meiner meistgebuchten Pakete. Gerne unterbreite ich euch ein individuelles Angebot. [\/vc_column_text][\/vc_column][\/vc_row][vc_row css=&#8221;.vc_custom_1524723745833{padding-bottom: 30px !important;}&#8221;][vc_column][\/vc_column][\/vc_row][vc_row][vc_column][vc_column_text]*Ich stelle keine CDs mit unz\u00e4hligen unbearbeiteten JPGs zur Verf\u00fcgung. Jedes Foto wird liebevoll nachbearbeitet [&hellip;]<\/p>\n","protected":false},"author":1,"featured_media":0,"parent":205,"menu_order":0,"comment_status":"closed","ping_status":"closed","template":"template-landing.php","meta":[],"acf":[],"yoast_head":"<!-- This site is optimized with the Yoast SEO plugin v19.10 - https:\/\/yoast.com\/wordpress\/plugins\/seo\/ -->\n<title>Preise - Nadine Schittenhelm Grafik &amp; Fotodesign<\/title>\n<meta name=\"description\" content=\"Nadine Schittenhelm Grafik &amp; Fotodesign. Ihre mobile Fotografin im Raum Thurnau Kasendorf, Bayreuth und Bamberg. Mit Blick f\u00fcr das besondere Motiv, Kreativit\u00e4t, Gesp\u00fcr f\u00fcr \u00c4sthetik, Geduld und Feingef\u00fchl mit den kleinen Pers\u00f6nlichkeiten vor der Kamera.\" \/>\n<meta name=\"robots\" content=\"index, follow, max-snippet:-1, max-image-preview:large, max-video-preview:-1\" \/>\n<link rel=\"canonical\" href=\"https:\/\/www.nadine-schittenhelm.de\/wp_foto_schittenhelm\/pages\/preise\/\" \/>\n<meta property=\"og:locale\" content=\"en_US\" \/>\n<meta property=\"og:type\" content=\"article\" \/>\n<meta property=\"og:title\" content=\"Preise - Nadine Schittenhelm Grafik &amp; Fotodesign\" \/>\n<meta property=\"og:description\" content=\"Nadine Schittenhelm Grafik &amp; Fotodesign. Ihre mobile Fotografin im Raum Thurnau Kasendorf, Bayreuth und Bamberg. Mit Blick f\u00fcr das besondere Motiv, Kreativit\u00e4t, Gesp\u00fcr f\u00fcr \u00c4sthetik, Geduld und Feingef\u00fchl mit den kleinen Pers\u00f6nlichkeiten vor der Kamera.\" \/>\n<meta property=\"og:url\" content=\"https:\/\/www.nadine-schittenhelm.de\/wp_foto_schittenhelm\/pages\/preise\/\" \/>\n<meta property=\"og:site_name\" content=\"Nadine Schittenhelm Grafik &amp; Fotodesign\" \/>\n<meta property=\"article:modified_time\" content=\"2025-09-26T13:20:14+00:00\" \/>\n<meta name=\"twitter:card\" content=\"summary_large_image\" \/>\n<meta name=\"twitter:label1\" content=\"Est. reading time\" \/>\n\t<meta name=\"twitter:data1\" content=\"3 minutes\" \/>\n<script type=\"application\/ld+json\" class=\"yoast-schema-graph\">{\"@context\":\"https:\/\/schema.org\",\"@graph\":[{\"@type\":\"WebPage\",\"@id\":\"https:\/\/www.nadine-schittenhelm.de\/wp_foto_schittenhelm\/pages\/preise\/\",\"url\":\"https:\/\/www.nadine-schittenhelm.de\/wp_foto_schittenhelm\/pages\/preise\/\",\"name\":\"Preise - Nadine Schittenhelm Grafik &amp; Fotodesign\",\"isPartOf\":{\"@id\":\"https:\/\/www.nadine-schittenhelm.de\/wp_foto_schittenhelm\/#website\"},\"datePublished\":\"2022-11-24T16:18:15+00:00\",\"dateModified\":\"2025-09-26T13:20:14+00:00\",\"description\":\"Nadine Schittenhelm Grafik & Fotodesign. Ihre mobile Fotografin im Raum Thurnau Kasendorf, Bayreuth und Bamberg. Mit Blick f\u00fcr das besondere Motiv, Kreativit\u00e4t, Gesp\u00fcr f\u00fcr \u00c4sthetik, Geduld und Feingef\u00fchl mit den kleinen Pers\u00f6nlichkeiten vor der Kamera.\",\"breadcrumb\":{\"@id\":\"https:\/\/www.nadine-schittenhelm.de\/wp_foto_schittenhelm\/pages\/preise\/#breadcrumb\"},\"inLanguage\":\"en-US\",\"potentialAction\":[{\"@type\":\"ReadAction\",\"target\":[\"https:\/\/www.nadine-schittenhelm.de\/wp_foto_schittenhelm\/pages\/preise\/\"]}]},{\"@type\":\"BreadcrumbList\",\"@id\":\"https:\/\/www.nadine-schittenhelm.de\/wp_foto_schittenhelm\/pages\/preise\/#breadcrumb\",\"itemListElement\":[{\"@type\":\"ListItem\",\"position\":1,\"name\":\"Home\",\"item\":\"https:\/\/www.nadine-schittenhelm.de\/wp_foto_schittenhelm\/\"},{\"@type\":\"ListItem\",\"position\":2,\"name\":\"Pages\",\"item\":\"https:\/\/www.nadine-schittenhelm.de\/wp_foto_schittenhelm\/pages\/\"},{\"@type\":\"ListItem\",\"position\":3,\"name\":\"Preise\"}]},{\"@type\":\"WebSite\",\"@id\":\"https:\/\/www.nadine-schittenhelm.de\/wp_foto_schittenhelm\/#website\",\"url\":\"https:\/\/www.nadine-schittenhelm.de\/wp_foto_schittenhelm\/\",\"name\":\"Nadine Schittenhelm Grafik &amp; Fotodesign\",\"description\":\"Nadine Schittenhelm Grafik &amp; Fotodesign\",\"potentialAction\":[{\"@type\":\"SearchAction\",\"target\":{\"@type\":\"EntryPoint\",\"urlTemplate\":\"https:\/\/www.nadine-schittenhelm.de\/wp_foto_schittenhelm\/?s={search_term_string}\"},\"query-input\":\"required name=search_term_string\"}],\"inLanguage\":\"en-US\"}]}<\/script>\n<!-- \/ Yoast SEO plugin. -->","yoast_head_json":{"title":"Preise - Nadine Schittenhelm Grafik &amp; Fotodesign","description":"Nadine Schittenhelm Grafik & Fotodesign. Ihre mobile Fotografin im Raum Thurnau Kasendorf, Bayreuth und Bamberg. Mit Blick f\u00fcr das besondere Motiv, Kreativit\u00e4t, Gesp\u00fcr f\u00fcr \u00c4sthetik, Geduld und Feingef\u00fchl mit den kleinen Pers\u00f6nlichkeiten vor der Kamera.","robots":{"index":"index","follow":"follow","max-snippet":"max-snippet:-1","max-image-preview":"max-image-preview:large","max-video-preview":"max-video-preview:-1"},"canonical":"https:\/\/www.nadine-schittenhelm.de\/wp_foto_schittenhelm\/pages\/preise\/","og_locale":"en_US","og_type":"article","og_title":"Preise - Nadine Schittenhelm Grafik &amp; Fotodesign","og_description":"Nadine Schittenhelm Grafik & Fotodesign. Ihre mobile Fotografin im Raum Thurnau Kasendorf, Bayreuth und Bamberg. Mit Blick f\u00fcr das besondere Motiv, Kreativit\u00e4t, Gesp\u00fcr f\u00fcr \u00c4sthetik, Geduld und Feingef\u00fchl mit den kleinen Pers\u00f6nlichkeiten vor der Kamera.","og_url":"https:\/\/www.nadine-schittenhelm.de\/wp_foto_schittenhelm\/pages\/preise\/","og_site_name":"Nadine Schittenhelm Grafik &amp; Fotodesign","article_modified_time":"2025-09-26T13:20:14+00:00","twitter_card":"summary_large_image","twitter_misc":{"Est. reading time":"3 minutes"},"schema":{"@context":"https:\/\/schema.org","@graph":[{"@type":"WebPage","@id":"https:\/\/www.nadine-schittenhelm.de\/wp_foto_schittenhelm\/pages\/preise\/","url":"https:\/\/www.nadine-schittenhelm.de\/wp_foto_schittenhelm\/pages\/preise\/","name":"Preise - Nadine Schittenhelm Grafik &amp; Fotodesign","isPartOf":{"@id":"https:\/\/www.nadine-schittenhelm.de\/wp_foto_schittenhelm\/#website"},"datePublished":"2022-11-24T16:18:15+00:00","dateModified":"2025-09-26T13:20:14+00:00","description":"Nadine Schittenhelm Grafik & Fotodesign. Ihre mobile Fotografin im Raum Thurnau Kasendorf, Bayreuth und Bamberg. Mit Blick f\u00fcr das besondere Motiv, Kreativit\u00e4t, Gesp\u00fcr f\u00fcr \u00c4sthetik, Geduld und Feingef\u00fchl mit den kleinen Pers\u00f6nlichkeiten vor der Kamera.","breadcrumb":{"@id":"https:\/\/www.nadine-schittenhelm.de\/wp_foto_schittenhelm\/pages\/preise\/#breadcrumb"},"inLanguage":"en-US","potentialAction":[{"@type":"ReadAction","target":["https:\/\/www.nadine-schittenhelm.de\/wp_foto_schittenhelm\/pages\/preise\/"]}]},{"@type":"BreadcrumbList","@id":"https:\/\/www.nadine-schittenhelm.de\/wp_foto_schittenhelm\/pages\/preise\/#breadcrumb","itemListElement":[{"@type":"ListItem","position":1,"name":"Home","item":"https:\/\/www.nadine-schittenhelm.de\/wp_foto_schittenhelm\/"},{"@type":"ListItem","position":2,"name":"Pages","item":"https:\/\/www.nadine-schittenhelm.de\/wp_foto_schittenhelm\/pages\/"},{"@type":"ListItem","position":3,"name":"Preise"}]},{"@type":"WebSite","@id":"https:\/\/www.nadine-schittenhelm.de\/wp_foto_schittenhelm\/#website","url":"https:\/\/www.nadine-schittenhelm.de\/wp_foto_schittenhelm\/","name":"Nadine Schittenhelm Grafik &amp; Fotodesign","description":"Nadine Schittenhelm Grafik &amp; Fotodesign","potentialAction":[{"@type":"SearchAction","target":{"@type":"EntryPoint","urlTemplate":"https:\/\/www.nadine-schittenhelm.de\/wp_foto_schittenhelm\/?s={search_term_string}"},"query-input":"required name=search_term_string"}],"inLanguage":"en-US"}]}},"_links":{"self":[{"href":"https:\/\/www.nadine-schittenhelm.de\/wp_foto_schittenhelm\/wp-json\/wp\/v2\/pages\/953"}],"collection":[{"href":"https:\/\/www.nadine-schittenhelm.de\/wp_foto_schittenhelm\/wp-json\/wp\/v2\/pages"}],"about":[{"href":"https:\/\/www.nadine-schittenhelm.de\/wp_foto_schittenhelm\/wp-json\/wp\/v2\/types\/page"}],"author":[{"embeddable":true,"href":"https:\/\/www.nadine-schittenhelm.de\/wp_foto_schittenhelm\/wp-json\/wp\/v2\/users\/1"}],"replies":[{"embeddable":true,"href":"https:\/\/www.nadine-schittenhelm.de\/wp_foto_schittenhelm\/wp-json\/wp\/v2\/comments?post=953"}],"version-history":[{"count":91,"href":"https:\/\/www.nadine-schittenhelm.de\/wp_foto_schittenhelm\/wp-json\/wp\/v2\/pages\/953\/revisions"}],"predecessor-version":[{"id":1822,"href":"https:\/\/www.nadine-schittenhelm.de\/wp_foto_schittenhelm\/wp-json\/wp\/v2\/pages\/953\/revisions\/1822"}],"up":[{"embeddable":true,"href":"https:\/\/www.nadine-schittenhelm.de\/wp_foto_schittenhelm\/wp-json\/wp\/v2\/pages\/205"}],"wp:attachment":[{"href":"https:\/\/www.nadine-schittenhelm.de\/wp_foto_schittenhelm\/wp-json\/wp\/v2\/media?parent=953"}],"curies":[{"name":"wp","href":"https:\/\/api.w.org\/{rel}","templated":true}]}}