{"id":928,"date":"2022-11-24T07:30:37","date_gmt":"2022-11-24T07:30:37","guid":{"rendered":"https:\/\/www.nadine-schittenhelm.de\/wp_foto_schittenhelm\/?page_id=928"},"modified":"2023-06-25T20:30:39","modified_gmt":"2023-06-25T20:30:39","slug":"uber-mich","status":"publish","type":"page","link":"https:\/\/www.nadine-schittenhelm.de\/wp_foto_schittenhelm\/pages\/uber-mich\/","title":{"rendered":"\u00dcber mich"},"content":{"rendered":"<section class=\"wpb-content-wrapper\"><p>[vc_row full_width=&#8221;stretch_row&#8221; full_height=&#8221;yes&#8221; columns_placement=&#8221;top&#8221; content_placement=&#8221;top&#8221; css=&#8221;.vc_custom_1524838515340{padding-top: 70px !important;background-color: #fbfbfb !important;}&#8221;][vc_column width=&#8221;1\/2&#8243; background_position=&#8221;center center&#8221; css=&#8221;.vc_custom_1524838189832{padding-top: 85px !important;background-image: url(https:\/\/www.nadine-schittenhelm.de\/wp_foto_schittenhelm\/wp-content\/uploads\/2018\/04\/bg4.png?id=33) !important;background-position: 0 0 !important;background-repeat: no-repeat !important;}&#8221;][vc_column_text css=&#8221;.vc_custom_1669306465953{margin-bottom: -22px !important;}&#8221;]<span style=\"font-size: 72px; font-weight: 600;\">&#8230;Weil<br \/>\n<\/span>[\/vc_column_text][vc_column_text css=&#8221;.vc_custom_1669306483302{margin-right: -15px !important;margin-bottom: 25px !important;}&#8221;]<span style=\"font-size: 36px; font-family: Oswald; font-weight: 300; color: #59bcb8;\">Erinnerungen wertvoll sind&#8230;<\/span>[\/vc_column_text][vc_column_text css=&#8221;.vc_custom_1669413532246{margin-bottom: 20px !important;}&#8221;]<span style=\"font-weight: 500; line-height: 30px; font-size: 18px;\">Schon immer faszinierte mich die kreative Fotografie. W\u00e4hrend meines Studiums zur Kommunikationsdesignerin belegte ich entsprechende Kurse, um in puncto Gestaltung, Konzeption, Layout und Bildbearbeitung an Professionalit\u00e4t zu gewinnen. Der Blick f\u00fcr das besondere Motiv, Kreativit\u00e4t, Gesp\u00fcr f\u00fcr \u00c4sthetik, Geduld und Feingef\u00fchl mit den kleinen Pers\u00f6nlichkeiten vor meiner Kamera &#8211; das zeichnet mich und meine Arbeit aus.<\/span><\/p>\n<p><span style=\"font-size: 18px;\"><strong>&#8230;der Beginn meiner gro\u00dfen Leidenschaft zwischen Knipsen, Kunst und Design&#8230;.<\/strong><\/span><\/p>\n<p><span style=\"font-weight: 500;\">Ich startete meine k\u00fcnstlerische Laufbahn mit einem Vorstudium am Freien Institut f\u00fcr Kunst und Design in Neustadt. Danach folgte ein Kommunikationsdesign-Studium an der Georg-Simon-Ohm-FH in N\u00fcrnberg. Ein Stipendium erm\u00f6glichte mir ein Auslandssemester an der Grays School of Art in Aberdeen. Praxiserfahrung sammelte ich w\u00e4hrend einiger Praktika in Werbeagenturen. Nach meinem erfolgreichen Abschluss zur Dipl.-Kommunikationsdesignerin 2007 entwickelte ich in einem Kreativ-Team der Firma IREKS GmbH in Kulmbach internationale Werbekonzepte. 2014 wagte ich den Schritt in die Selbst\u00e4ndigkeit und habe mein gr\u00f6\u00dftes Hobby zum Beruf gemacht. In meiner Freizeit verbringe ich viel Zeit mit Musik. Mit meiner Band Beatroot unplugged stehe ich ab und zu unter dem Motto Live mit Herz f\u00fcr einen guten Zweck auf der B\u00fchne.<\/span>[\/vc_column_text]<div class=\"social-buttons-text  tal label-on\"><a href=\"https:\/\/www.facebook.com\/NadineSchittenhelmFotodesign\"><span>Facebook<\/span><\/a><a href=\"https:\/\/www.instagram.com\/nadine.schittenhelm.foto\/?igshid=NTc4MTIwNjQ2YQ%3D%3D\"><span>Instagram<\/span><\/a><\/div>[\/vc_column][vc_column width=&#8221;1\/2&#8243; el_class=&#8221;about-us-img-on-bottom&#8221;][vc_column_text css=&#8221;.vc_custom_1669420524847{margin-right: -50px !important;margin-bottom: 0px !important;margin-left: -15px !important;padding-bottom: 0px !important;}&#8221;]<img decoding=\"async\" loading=\"lazy\" class=\"alignnone size-medium wp-image-1140\" src=\"https:\/\/www.nadine-schittenhelm.de\/wp_foto_schittenhelm\/wp-content\/uploads\/2022\/11\/Uber_mich_637x682_72dpi-1-280x300.jpg\" alt=\"\" width=\"637\" height=\"682\" srcset=\"https:\/\/www.nadine-schittenhelm.de\/wp_foto_schittenhelm\/wp-content\/uploads\/2022\/11\/Uber_mich_637x682_72dpi-1-280x300.jpg 280w, https:\/\/www.nadine-schittenhelm.de\/wp_foto_schittenhelm\/wp-content\/uploads\/2022\/11\/Uber_mich_637x682_72dpi-1-600x642.jpg 600w, https:\/\/www.nadine-schittenhelm.de\/wp_foto_schittenhelm\/wp-content\/uploads\/2022\/11\/Uber_mich_637x682_72dpi-1.jpg 637w\" sizes=\"(max-width: 637px) 100vw, 637px\" \/>[\/vc_column_text][\/vc_column][\/vc_row]<\/p>\n<\/section>","protected":false},"excerpt":{"rendered":"<p>[vc_row full_width=&#8221;stretch_row&#8221; full_height=&#8221;yes&#8221; columns_placement=&#8221;top&#8221; content_placement=&#8221;top&#8221; css=&#8221;.vc_custom_1524838515340{padding-top: 70px !important;background-color: #fbfbfb !important;}&#8221;][vc_column width=&#8221;1\/2&#8243; background_position=&#8221;center center&#8221; css=&#8221;.vc_custom_1524838189832{padding-top: 85px !important;background-image: url(https:\/\/www.nadine-schittenhelm.de\/wp_foto_schittenhelm\/wp-content\/uploads\/2018\/04\/bg4.png?id=33) !important;background-position: 0 0 !important;background-repeat: no-repeat !important;}&#8221;][vc_column_text css=&#8221;.vc_custom_1669306465953{margin-bottom: -22px !important;}&#8221;]&#8230;Weil [\/vc_column_text][vc_column_text css=&#8221;.vc_custom_1669306483302{margin-right: -15px !important;margin-bottom: 25px !important;}&#8221;]Erinnerungen wertvoll sind&#8230;[\/vc_column_text][vc_column_text css=&#8221;.vc_custom_1669413532246{margin-bottom: 20px !important;}&#8221;]Schon immer faszinierte mich die kreative Fotografie. W\u00e4hrend meines Studiums zur Kommunikationsdesignerin belegte ich entsprechende Kurse, um in puncto [&hellip;]<\/p>\n","protected":false},"author":1,"featured_media":0,"parent":205,"menu_order":0,"comment_status":"closed","ping_status":"closed","template":"template-landing.php","meta":[],"acf":[],"yoast_head":"<!-- This site is optimized with the Yoast SEO plugin v19.10 - https:\/\/yoast.com\/wordpress\/plugins\/seo\/ -->\n<title>\u00dcber mich - Nadine Schittenhelm Grafik &amp; Fotodesign<\/title>\n<meta name=\"robots\" content=\"index, follow, max-snippet:-1, max-image-preview:large, max-video-preview:-1\" \/>\n<link rel=\"canonical\" href=\"https:\/\/www.nadine-schittenhelm.de\/wp_foto_schittenhelm\/pages\/uber-mich\/\" \/>\n<meta property=\"og:locale\" content=\"en_US\" \/>\n<meta property=\"og:type\" content=\"article\" \/>\n<meta property=\"og:title\" content=\"\u00dcber mich - Nadine Schittenhelm Grafik &amp; Fotodesign\" \/>\n<meta property=\"og:description\" content=\"[vc_row full_width=&#8221;stretch_row&#8221; full_height=&#8221;yes&#8221; columns_placement=&#8221;top&#8221; content_placement=&#8221;top&#8221; css=&#8221;.vc_custom_1524838515340{padding-top: 70px !important;background-color: #fbfbfb !important;}&#8221;][vc_column width=&#8221;1\/2&#8243; background_position=&#8221;center center&#8221; css=&#8221;.vc_custom_1524838189832{padding-top: 85px !important;background-image: url(https:\/\/www.nadine-schittenhelm.de\/wp_foto_schittenhelm\/wp-content\/uploads\/2018\/04\/bg4.png?id=33) !important;background-position: 0 0 !important;background-repeat: no-repeat !important;}&#8221;][vc_column_text css=&#8221;.vc_custom_1669306465953{margin-bottom: -22px !important;}&#8221;]&#8230;Weil [\/vc_column_text][vc_column_text css=&#8221;.vc_custom_1669306483302{margin-right: -15px !important;margin-bottom: 25px !important;}&#8221;]Erinnerungen wertvoll sind&#8230;[\/vc_column_text][vc_column_text css=&#8221;.vc_custom_1669413532246{margin-bottom: 20px !important;}&#8221;]Schon immer faszinierte mich die kreative Fotografie. W\u00e4hrend meines Studiums zur Kommunikationsdesignerin belegte ich entsprechende Kurse, um in puncto [&hellip;]\" \/>\n<meta property=\"og:url\" content=\"https:\/\/www.nadine-schittenhelm.de\/wp_foto_schittenhelm\/pages\/uber-mich\/\" \/>\n<meta property=\"og:site_name\" content=\"Nadine Schittenhelm Grafik &amp; Fotodesign\" \/>\n<meta property=\"article:modified_time\" content=\"2023-06-25T20:30:39+00:00\" \/>\n<meta property=\"og:image\" content=\"https:\/\/www.nadine-schittenhelm.de\/wp_foto_schittenhelm\/wp-content\/uploads\/2022\/11\/Uber_mich_637x682_72dpi-1-280x300.jpg\" \/>\n<meta name=\"twitter:card\" content=\"summary_large_image\" \/>\n<meta name=\"twitter:label1\" content=\"Est. reading time\" \/>\n\t<meta name=\"twitter:data1\" content=\"2 minutes\" \/>\n<script type=\"application\/ld+json\" class=\"yoast-schema-graph\">{\"@context\":\"https:\/\/schema.org\",\"@graph\":[{\"@type\":\"WebPage\",\"@id\":\"https:\/\/www.nadine-schittenhelm.de\/wp_foto_schittenhelm\/pages\/uber-mich\/\",\"url\":\"https:\/\/www.nadine-schittenhelm.de\/wp_foto_schittenhelm\/pages\/uber-mich\/\",\"name\":\"\u00dcber mich - Nadine Schittenhelm Grafik &amp; Fotodesign\",\"isPartOf\":{\"@id\":\"https:\/\/www.nadine-schittenhelm.de\/wp_foto_schittenhelm\/#website\"},\"datePublished\":\"2022-11-24T07:30:37+00:00\",\"dateModified\":\"2023-06-25T20:30:39+00:00\",\"breadcrumb\":{\"@id\":\"https:\/\/www.nadine-schittenhelm.de\/wp_foto_schittenhelm\/pages\/uber-mich\/#breadcrumb\"},\"inLanguage\":\"en-US\",\"potentialAction\":[{\"@type\":\"ReadAction\",\"target\":[\"https:\/\/www.nadine-schittenhelm.de\/wp_foto_schittenhelm\/pages\/uber-mich\/\"]}]},{\"@type\":\"BreadcrumbList\",\"@id\":\"https:\/\/www.nadine-schittenhelm.de\/wp_foto_schittenhelm\/pages\/uber-mich\/#breadcrumb\",\"itemListElement\":[{\"@type\":\"ListItem\",\"position\":1,\"name\":\"Home\",\"item\":\"https:\/\/www.nadine-schittenhelm.de\/wp_foto_schittenhelm\/\"},{\"@type\":\"ListItem\",\"position\":2,\"name\":\"Pages\",\"item\":\"https:\/\/www.nadine-schittenhelm.de\/wp_foto_schittenhelm\/pages\/\"},{\"@type\":\"ListItem\",\"position\":3,\"name\":\"\u00dcber mich\"}]},{\"@type\":\"WebSite\",\"@id\":\"https:\/\/www.nadine-schittenhelm.de\/wp_foto_schittenhelm\/#website\",\"url\":\"https:\/\/www.nadine-schittenhelm.de\/wp_foto_schittenhelm\/\",\"name\":\"Nadine Schittenhelm Grafik &amp; Fotodesign\",\"description\":\"Nadine Schittenhelm Grafik &amp; Fotodesign\",\"potentialAction\":[{\"@type\":\"SearchAction\",\"target\":{\"@type\":\"EntryPoint\",\"urlTemplate\":\"https:\/\/www.nadine-schittenhelm.de\/wp_foto_schittenhelm\/?s={search_term_string}\"},\"query-input\":\"required name=search_term_string\"}],\"inLanguage\":\"en-US\"}]}<\/script>\n<!-- \/ Yoast SEO plugin. -->","yoast_head_json":{"title":"\u00dcber mich - Nadine Schittenhelm Grafik &amp; Fotodesign","robots":{"index":"index","follow":"follow","max-snippet":"max-snippet:-1","max-image-preview":"max-image-preview:large","max-video-preview":"max-video-preview:-1"},"canonical":"https:\/\/www.nadine-schittenhelm.de\/wp_foto_schittenhelm\/pages\/uber-mich\/","og_locale":"en_US","og_type":"article","og_title":"\u00dcber mich - Nadine Schittenhelm Grafik &amp; Fotodesign","og_description":"[vc_row full_width=&#8221;stretch_row&#8221; full_height=&#8221;yes&#8221; columns_placement=&#8221;top&#8221; content_placement=&#8221;top&#8221; css=&#8221;.vc_custom_1524838515340{padding-top: 70px !important;background-color: #fbfbfb !important;}&#8221;][vc_column width=&#8221;1\/2&#8243; background_position=&#8221;center center&#8221; css=&#8221;.vc_custom_1524838189832{padding-top: 85px !important;background-image: url(https:\/\/www.nadine-schittenhelm.de\/wp_foto_schittenhelm\/wp-content\/uploads\/2018\/04\/bg4.png?id=33) !important;background-position: 0 0 !important;background-repeat: no-repeat !important;}&#8221;][vc_column_text css=&#8221;.vc_custom_1669306465953{margin-bottom: -22px !important;}&#8221;]&#8230;Weil [\/vc_column_text][vc_column_text css=&#8221;.vc_custom_1669306483302{margin-right: -15px !important;margin-bottom: 25px !important;}&#8221;]Erinnerungen wertvoll sind&#8230;[\/vc_column_text][vc_column_text css=&#8221;.vc_custom_1669413532246{margin-bottom: 20px !important;}&#8221;]Schon immer faszinierte mich die kreative Fotografie. W\u00e4hrend meines Studiums zur Kommunikationsdesignerin belegte ich entsprechende Kurse, um in puncto [&hellip;]","og_url":"https:\/\/www.nadine-schittenhelm.de\/wp_foto_schittenhelm\/pages\/uber-mich\/","og_site_name":"Nadine Schittenhelm Grafik &amp; Fotodesign","article_modified_time":"2023-06-25T20:30:39+00:00","og_image":[{"url":"https:\/\/www.nadine-schittenhelm.de\/wp_foto_schittenhelm\/wp-content\/uploads\/2022\/11\/Uber_mich_637x682_72dpi-1-280x300.jpg"}],"twitter_card":"summary_large_image","twitter_misc":{"Est. reading time":"2 minutes"},"schema":{"@context":"https:\/\/schema.org","@graph":[{"@type":"WebPage","@id":"https:\/\/www.nadine-schittenhelm.de\/wp_foto_schittenhelm\/pages\/uber-mich\/","url":"https:\/\/www.nadine-schittenhelm.de\/wp_foto_schittenhelm\/pages\/uber-mich\/","name":"\u00dcber mich - Nadine Schittenhelm Grafik &amp; Fotodesign","isPartOf":{"@id":"https:\/\/www.nadine-schittenhelm.de\/wp_foto_schittenhelm\/#website"},"datePublished":"2022-11-24T07:30:37+00:00","dateModified":"2023-06-25T20:30:39+00:00","breadcrumb":{"@id":"https:\/\/www.nadine-schittenhelm.de\/wp_foto_schittenhelm\/pages\/uber-mich\/#breadcrumb"},"inLanguage":"en-US","potentialAction":[{"@type":"ReadAction","target":["https:\/\/www.nadine-schittenhelm.de\/wp_foto_schittenhelm\/pages\/uber-mich\/"]}]},{"@type":"BreadcrumbList","@id":"https:\/\/www.nadine-schittenhelm.de\/wp_foto_schittenhelm\/pages\/uber-mich\/#breadcrumb","itemListElement":[{"@type":"ListItem","position":1,"name":"Home","item":"https:\/\/www.nadine-schittenhelm.de\/wp_foto_schittenhelm\/"},{"@type":"ListItem","position":2,"name":"Pages","item":"https:\/\/www.nadine-schittenhelm.de\/wp_foto_schittenhelm\/pages\/"},{"@type":"ListItem","position":3,"name":"\u00dcber mich"}]},{"@type":"WebSite","@id":"https:\/\/www.nadine-schittenhelm.de\/wp_foto_schittenhelm\/#website","url":"https:\/\/www.nadine-schittenhelm.de\/wp_foto_schittenhelm\/","name":"Nadine Schittenhelm Grafik &amp; Fotodesign","description":"Nadine Schittenhelm Grafik &amp; Fotodesign","potentialAction":[{"@type":"SearchAction","target":{"@type":"EntryPoint","urlTemplate":"https:\/\/www.nadine-schittenhelm.de\/wp_foto_schittenhelm\/?s={search_term_string}"},"query-input":"required name=search_term_string"}],"inLanguage":"en-US"}]}},"_links":{"self":[{"href":"https:\/\/www.nadine-schittenhelm.de\/wp_foto_schittenhelm\/wp-json\/wp\/v2\/pages\/928"}],"collection":[{"href":"https:\/\/www.nadine-schittenhelm.de\/wp_foto_schittenhelm\/wp-json\/wp\/v2\/pages"}],"about":[{"href":"https:\/\/www.nadine-schittenhelm.de\/wp_foto_schittenhelm\/wp-json\/wp\/v2\/types\/page"}],"author":[{"embeddable":true,"href":"https:\/\/www.nadine-schittenhelm.de\/wp_foto_schittenhelm\/wp-json\/wp\/v2\/users\/1"}],"replies":[{"embeddable":true,"href":"https:\/\/www.nadine-schittenhelm.de\/wp_foto_schittenhelm\/wp-json\/wp\/v2\/comments?post=928"}],"version-history":[{"count":26,"href":"https:\/\/www.nadine-schittenhelm.de\/wp_foto_schittenhelm\/wp-json\/wp\/v2\/pages\/928\/revisions"}],"predecessor-version":[{"id":1797,"href":"https:\/\/www.nadine-schittenhelm.de\/wp_foto_schittenhelm\/wp-json\/wp\/v2\/pages\/928\/revisions\/1797"}],"up":[{"embeddable":true,"href":"https:\/\/www.nadine-schittenhelm.de\/wp_foto_schittenhelm\/wp-json\/wp\/v2\/pages\/205"}],"wp:attachment":[{"href":"https:\/\/www.nadine-schittenhelm.de\/wp_foto_schittenhelm\/wp-json\/wp\/v2\/media?parent=928"}],"curies":[{"name":"wp","href":"https:\/\/api.w.org\/{rel}","templated":true}]}}