{"id":1770,"date":"2022-11-29T21:47:08","date_gmt":"2022-11-29T21:47:08","guid":{"rendered":"https:\/\/www.nadine-schittenhelm.de\/wp_foto_schittenhelm\/?page_id=1770"},"modified":"2022-11-30T11:00:23","modified_gmt":"2022-11-30T11:00:23","slug":"home","status":"publish","type":"page","link":"https:\/\/www.nadine-schittenhelm.de\/wp_foto_schittenhelm\/","title":{"rendered":"Home"},"content":{"rendered":"<section class=\"wpb-content-wrapper\"><p>[vc_row][vc_column][vc_empty_space height=&#8221;74px&#8221;][\/vc_column][\/vc_row][vc_row][vc_column][vc_masonry_media_grid grid_id=&#8221;vc_gid:1669794169032-f79fd1ac-011a-5&#8243; include=&#8221;1550,1402,1381,1247,894,1537&#8243;][\/vc_column][\/vc_row]<\/p>\n<\/section>","protected":false},"excerpt":{"rendered":"<p>[vc_row][vc_column][vc_empty_space height=&#8221;74px&#8221;][\/vc_column][\/vc_row][vc_row][vc_column][vc_masonry_media_grid grid_id=&#8221;vc_gid:1669794169032-f79fd1ac-011a-5&#8243; include=&#8221;1550,1402,1381,1247,894,1537&#8243;][\/vc_column][\/vc_row]<\/p>\n","protected":false},"author":1,"featured_media":0,"parent":205,"menu_order":0,"comment_status":"closed","ping_status":"closed","template":"template-landing.php","meta":[],"acf":[],"yoast_head":"<!-- This site is optimized with the Yoast SEO plugin v19.10 - https:\/\/yoast.com\/wordpress\/plugins\/seo\/ -->\n<title>Home - Nadine Schittenhelm Grafik &amp; Fotodesign<\/title>\n<meta name=\"description\" content=\"Nadine Schittenhelm Grafik &amp; Fotodesign. Ihre mobile Fotografin im Raum Thurnau Kasendorf, Bayreuth und Bamberg. Mit Blick f\u00fcr das besondere Motiv, Kreativit\u00e4t, Gesp\u00fcr f\u00fcr \u00c4sthetik, Geduld und Feingef\u00fchl mit den kleinen Pers\u00f6nlichkeiten vor der Kamera.\" \/>\n<meta name=\"robots\" content=\"index, follow, max-snippet:-1, max-image-preview:large, max-video-preview:-1\" \/>\n<link rel=\"canonical\" href=\"https:\/\/www.nadine-schittenhelm.de\/wp_foto_schittenhelm\/\" \/>\n<meta property=\"og:locale\" content=\"en_US\" \/>\n<meta property=\"og:type\" content=\"article\" \/>\n<meta property=\"og:title\" content=\"Home - Nadine Schittenhelm Grafik &amp; Fotodesign\" \/>\n<meta property=\"og:description\" content=\"Nadine Schittenhelm Grafik &amp; Fotodesign. Ihre mobile Fotografin im Raum Thurnau Kasendorf, Bayreuth und Bamberg. Mit Blick f\u00fcr das besondere Motiv, Kreativit\u00e4t, Gesp\u00fcr f\u00fcr \u00c4sthetik, Geduld und Feingef\u00fchl mit den kleinen Pers\u00f6nlichkeiten vor der Kamera.\" \/>\n<meta property=\"og:url\" content=\"https:\/\/www.nadine-schittenhelm.de\/wp_foto_schittenhelm\/\" \/>\n<meta property=\"og:site_name\" content=\"Nadine Schittenhelm Grafik &amp; Fotodesign\" \/>\n<meta property=\"article:modified_time\" content=\"2022-11-30T11:00:23+00:00\" \/>\n<meta name=\"twitter:card\" content=\"summary_large_image\" \/>\n<meta name=\"twitter:label1\" content=\"Est. reading time\" \/>\n\t<meta name=\"twitter:data1\" content=\"1 minute\" \/>\n<script type=\"application\/ld+json\" class=\"yoast-schema-graph\">{\"@context\":\"https:\/\/schema.org\",\"@graph\":[{\"@type\":\"WebPage\",\"@id\":\"https:\/\/www.nadine-schittenhelm.de\/wp_foto_schittenhelm\/\",\"url\":\"https:\/\/www.nadine-schittenhelm.de\/wp_foto_schittenhelm\/\",\"name\":\"Home - Nadine Schittenhelm Grafik &amp; Fotodesign\",\"isPartOf\":{\"@id\":\"https:\/\/www.nadine-schittenhelm.de\/wp_foto_schittenhelm\/#website\"},\"datePublished\":\"2022-11-29T21:47:08+00:00\",\"dateModified\":\"2022-11-30T11:00:23+00:00\",\"description\":\"Nadine Schittenhelm Grafik & Fotodesign. Ihre mobile Fotografin im Raum Thurnau Kasendorf, Bayreuth und Bamberg. Mit Blick f\u00fcr das besondere Motiv, Kreativit\u00e4t, Gesp\u00fcr f\u00fcr \u00c4sthetik, Geduld und Feingef\u00fchl mit den kleinen Pers\u00f6nlichkeiten vor der Kamera.\",\"breadcrumb\":{\"@id\":\"https:\/\/www.nadine-schittenhelm.de\/wp_foto_schittenhelm\/#breadcrumb\"},\"inLanguage\":\"en-US\",\"potentialAction\":[{\"@type\":\"ReadAction\",\"target\":[\"https:\/\/www.nadine-schittenhelm.de\/wp_foto_schittenhelm\/\"]}]},{\"@type\":\"BreadcrumbList\",\"@id\":\"https:\/\/www.nadine-schittenhelm.de\/wp_foto_schittenhelm\/#breadcrumb\",\"itemListElement\":[{\"@type\":\"ListItem\",\"position\":1,\"name\":\"Home\",\"item\":\"https:\/\/www.nadine-schittenhelm.de\/wp_foto_schittenhelm\/\"},{\"@type\":\"ListItem\",\"position\":2,\"name\":\"Pages\",\"item\":\"https:\/\/www.nadine-schittenhelm.de\/wp_foto_schittenhelm\/pages\/\"},{\"@type\":\"ListItem\",\"position\":3,\"name\":\"Home\"}]},{\"@type\":\"WebSite\",\"@id\":\"https:\/\/www.nadine-schittenhelm.de\/wp_foto_schittenhelm\/#website\",\"url\":\"https:\/\/www.nadine-schittenhelm.de\/wp_foto_schittenhelm\/\",\"name\":\"Nadine Schittenhelm Grafik &amp; Fotodesign\",\"description\":\"Nadine Schittenhelm Grafik &amp; Fotodesign\",\"potentialAction\":[{\"@type\":\"SearchAction\",\"target\":{\"@type\":\"EntryPoint\",\"urlTemplate\":\"https:\/\/www.nadine-schittenhelm.de\/wp_foto_schittenhelm\/?s={search_term_string}\"},\"query-input\":\"required name=search_term_string\"}],\"inLanguage\":\"en-US\"}]}<\/script>\n<!-- \/ Yoast SEO plugin. -->","yoast_head_json":{"title":"Home - Nadine Schittenhelm Grafik &amp; Fotodesign","description":"Nadine Schittenhelm Grafik & Fotodesign. Ihre mobile Fotografin im Raum Thurnau Kasendorf, Bayreuth und Bamberg. Mit Blick f\u00fcr das besondere Motiv, Kreativit\u00e4t, Gesp\u00fcr f\u00fcr \u00c4sthetik, Geduld und Feingef\u00fchl mit den kleinen Pers\u00f6nlichkeiten vor der Kamera.","robots":{"index":"index","follow":"follow","max-snippet":"max-snippet:-1","max-image-preview":"max-image-preview:large","max-video-preview":"max-video-preview:-1"},"canonical":"https:\/\/www.nadine-schittenhelm.de\/wp_foto_schittenhelm\/","og_locale":"en_US","og_type":"article","og_title":"Home - Nadine Schittenhelm Grafik &amp; Fotodesign","og_description":"Nadine Schittenhelm Grafik & Fotodesign. Ihre mobile Fotografin im Raum Thurnau Kasendorf, Bayreuth und Bamberg. Mit Blick f\u00fcr das besondere Motiv, Kreativit\u00e4t, Gesp\u00fcr f\u00fcr \u00c4sthetik, Geduld und Feingef\u00fchl mit den kleinen Pers\u00f6nlichkeiten vor der Kamera.","og_url":"https:\/\/www.nadine-schittenhelm.de\/wp_foto_schittenhelm\/","og_site_name":"Nadine Schittenhelm Grafik &amp; Fotodesign","article_modified_time":"2022-11-30T11:00:23+00:00","twitter_card":"summary_large_image","twitter_misc":{"Est. reading time":"1 minute"},"schema":{"@context":"https:\/\/schema.org","@graph":[{"@type":"WebPage","@id":"https:\/\/www.nadine-schittenhelm.de\/wp_foto_schittenhelm\/","url":"https:\/\/www.nadine-schittenhelm.de\/wp_foto_schittenhelm\/","name":"Home - Nadine Schittenhelm Grafik &amp; Fotodesign","isPartOf":{"@id":"https:\/\/www.nadine-schittenhelm.de\/wp_foto_schittenhelm\/#website"},"datePublished":"2022-11-29T21:47:08+00:00","dateModified":"2022-11-30T11:00:23+00:00","description":"Nadine Schittenhelm Grafik & Fotodesign. Ihre mobile Fotografin im Raum Thurnau Kasendorf, Bayreuth und Bamberg. Mit Blick f\u00fcr das besondere Motiv, Kreativit\u00e4t, Gesp\u00fcr f\u00fcr \u00c4sthetik, Geduld und Feingef\u00fchl mit den kleinen Pers\u00f6nlichkeiten vor der Kamera.","breadcrumb":{"@id":"https:\/\/www.nadine-schittenhelm.de\/wp_foto_schittenhelm\/#breadcrumb"},"inLanguage":"en-US","potentialAction":[{"@type":"ReadAction","target":["https:\/\/www.nadine-schittenhelm.de\/wp_foto_schittenhelm\/"]}]},{"@type":"BreadcrumbList","@id":"https:\/\/www.nadine-schittenhelm.de\/wp_foto_schittenhelm\/#breadcrumb","itemListElement":[{"@type":"ListItem","position":1,"name":"Home","item":"https:\/\/www.nadine-schittenhelm.de\/wp_foto_schittenhelm\/"},{"@type":"ListItem","position":2,"name":"Pages","item":"https:\/\/www.nadine-schittenhelm.de\/wp_foto_schittenhelm\/pages\/"},{"@type":"ListItem","position":3,"name":"Home"}]},{"@type":"WebSite","@id":"https:\/\/www.nadine-schittenhelm.de\/wp_foto_schittenhelm\/#website","url":"https:\/\/www.nadine-schittenhelm.de\/wp_foto_schittenhelm\/","name":"Nadine Schittenhelm Grafik &amp; Fotodesign","description":"Nadine Schittenhelm Grafik &amp; Fotodesign","potentialAction":[{"@type":"SearchAction","target":{"@type":"EntryPoint","urlTemplate":"https:\/\/www.nadine-schittenhelm.de\/wp_foto_schittenhelm\/?s={search_term_string}"},"query-input":"required name=search_term_string"}],"inLanguage":"en-US"}]}},"_links":{"self":[{"href":"https:\/\/www.nadine-schittenhelm.de\/wp_foto_schittenhelm\/wp-json\/wp\/v2\/pages\/1770"}],"collection":[{"href":"https:\/\/www.nadine-schittenhelm.de\/wp_foto_schittenhelm\/wp-json\/wp\/v2\/pages"}],"about":[{"href":"https:\/\/www.nadine-schittenhelm.de\/wp_foto_schittenhelm\/wp-json\/wp\/v2\/types\/page"}],"author":[{"embeddable":true,"href":"https:\/\/www.nadine-schittenhelm.de\/wp_foto_schittenhelm\/wp-json\/wp\/v2\/users\/1"}],"replies":[{"embeddable":true,"href":"https:\/\/www.nadine-schittenhelm.de\/wp_foto_schittenhelm\/wp-json\/wp\/v2\/comments?post=1770"}],"version-history":[{"count":14,"href":"https:\/\/www.nadine-schittenhelm.de\/wp_foto_schittenhelm\/wp-json\/wp\/v2\/pages\/1770\/revisions"}],"predecessor-version":[{"id":1788,"href":"https:\/\/www.nadine-schittenhelm.de\/wp_foto_schittenhelm\/wp-json\/wp\/v2\/pages\/1770\/revisions\/1788"}],"up":[{"embeddable":true,"href":"https:\/\/www.nadine-schittenhelm.de\/wp_foto_schittenhelm\/wp-json\/wp\/v2\/pages\/205"}],"wp:attachment":[{"href":"https:\/\/www.nadine-schittenhelm.de\/wp_foto_schittenhelm\/wp-json\/wp\/v2\/media?parent=1770"}],"curies":[{"name":"wp","href":"https:\/\/api.w.org\/{rel}","templated":true}]}}